{"id":1818,"date":"2022-10-08T17:48:10","date_gmt":"2022-10-08T15:48:10","guid":{"rendered":"https:\/\/infeo.at\/?page_id=1818"},"modified":"2022-10-25T10:41:09","modified_gmt":"2022-10-25T08:41:09","slug":"revolution","status":"publish","type":"page","link":"https:\/\/infeo.at\/index.php\/revolution\/","title":{"rendered":"Gemeinsam mit unseren Kunden revolutionieren wir die digitale Kreislaufwirtschaft"},"content":{"rendered":"\n<figure class=\"wp-block-embed is-type-video is-provider-youtube wp-block-embed-youtube wp-embed-aspect-16-9 wp-has-aspect-ratio\"><div class=\"wp-block-embed__wrapper\">\n <div class=\"brlbs-cmpnt-container brlbs-cmpnt-content-blocker brlbs-cmpnt-with-individual-styles\" data-borlabs-cookie-content-blocker-id=\"youtube-content-blocker\" data-borlabs-cookie-content=\"PGlmcmFtZSB0aXRsZT0iRGllIGRpZ2l0YWxlIFJldm9sdXRpb24gaW4gZGVyIEtyZWlzbGF1ZndpcnRzY2hhZnQiIHdpZHRoPSI3NTAiIGhlaWdodD0iNDIyIiBzcmM9Imh0dHBzOi8vd3d3LnlvdXR1YmUtbm9jb29raWUuY29tL2VtYmVkL0JKNFdZd0JtWTFNP2ZlYXR1cmU9b2VtYmVkIiBmcmFtZWJvcmRlcj0iMCIgYWxsb3c9ImFjY2VsZXJvbWV0ZXI7IGF1dG9wbGF5OyBjbGlwYm9hcmQtd3JpdGU7IGVuY3J5cHRlZC1tZWRpYTsgZ3lyb3Njb3BlOyBwaWN0dXJlLWluLXBpY3R1cmUiIGFsbG93ZnVsbHNjcmVlbj48L2lmcmFtZT4=\"><div class=\"brlbs-cmpnt-cb-preset-c brlbs-cmpnt-cb-youtube\"> <div class=\"brlbs-cmpnt-cb-thumbnail\" style=\"background-image: url('https:\/\/infeo.at\/infeo\/wp-content\/uploads\/borlabs-cookie\/1\/yt_BJ4WYwBmY1M_hqdefault.jpg')\"><\/div> <div class=\"brlbs-cmpnt-cb-main\"> <div class=\"brlbs-cmpnt-cb-play-button\"><\/div> <div class=\"brlbs-cmpnt-cb-content\"> <p class=\"brlbs-cmpnt-cb-description\">Sie sehen gerade einen Platzhalterinhalt von <strong>YouTube<\/strong>. Um auf den eigentlichen Inhalt zuzugreifen, klicken Sie auf die Schaltfl\u00e4che unten. Bitte beachten Sie, dass dabei Daten an Drittanbieter weitergegeben werden.<\/p> <a class=\"brlbs-cmpnt-cb-provider-toggle\" href=\"#\" data-borlabs-cookie-show-provider-information role=\"button\">Mehr Informationen<\/a> <\/div> <div class=\"brlbs-cmpnt-cb-buttons\"> <a class=\"brlbs-cmpnt-cb-btn\" href=\"#\" data-borlabs-cookie-unblock role=\"button\">Inhalt entsperren<\/a> <a class=\"brlbs-cmpnt-cb-btn\" href=\"#\" data-borlabs-cookie-accept-service role=\"button\" style=\"display: inherit\">Erforderlichen Service akzeptieren und Inhalte entsperren<\/a> <\/div> <\/div> <\/div><\/div>\n<\/div><\/figure>\n\n\n\n<h3 class=\"wp-block-heading\">Kreislaufwirtschaft<\/h3>\n\n\n\n<p>Eine\u00a0Kreislaufwirtschaft\u00a0(englisch\u00a0<em>circular economy<\/em>) ist ein\u00a0regeneratives\u00a0System, in dem\u00a0Ressourceneinsatz\u00a0und\u00a0Abfallproduktion,\u00a0Emissionen\u00a0und\u00a0Energieverschwendung\u00a0durch das Verlangsamen, Verringern und Schlie\u00dfen von Energie- und Materialkreisl\u00e4ufen minimiert werden. In unserem Kontext steht die Kreislaufwirtschaft f\u00fcr die Produktion, Sortierung, Sammlung und den Transport von Wertstoffen, recycelbaren Materialien und dem klassischen &#8222;M\u00fcll&#8220; der in die thermische Verwertung \u00fcberf\u00fchrt wird.<\/p>\n\n\n\n<h3 class=\"wp-block-heading\">Digitale Revolution<\/h3>\n\n\n\n<p>Die Abfallwirtschaft ist ein systemkritischer Wirtschaftsbereich und z\u00e4hlt zur kritischen Infrastruktur. Die Branche muss sich vor Personalausf\u00e4llen, Blackouts und Kostensteigerungen sch\u00fctzen. Das gelingt oft nur durch Automatisierung und Optimierung von Prozessen, die das Tagesgesch\u00e4ft ma\u00dfgeblich robuster und effektiver machen.<\/p>\n\n\n\n<h3 class=\"wp-block-heading\">Digitalisieren &#8211; Automatisieren &#8211; Optimieren<\/h3>\n\n\n\n<p>Das ist unser Ansatz. Dadurch k\u00f6nnen wir einen wertvollen Beitrag leisten, die Kreislaufwirtschaft effizienter, nachhaltiger und ressourcenschonender zu machen. Daf\u00fcr ben\u00f6tigen wir schlaue K\u00f6pfe, die mit ihren Ideen unsere Dienstleistungen und Produkte besser machen.<\/p>\n\n\n\n<p>In den Bereichen der Umwelttechnik, Softwareentwicklung, im Projektmanagement und im Kundensupport suchen wir stetig nach neuen Mitstreitern &#8211; um unsere Mission der papierlosen, digitalen Abfallwirtschaft zu erf\u00fcllen. <\/p>\n\n\n\n<p>Wir revolutionieren den Digitaliserungsprozess, weil wir au\u00dferordentliche Ma\u00dfst\u00e4be setzen, weil wir anders denken und arbeiten als die Meisten und weil unsere Kunden gr\u00f6\u00dftes Vertrauen ins unsere F\u00e4higkeiten setzen, das Optimum rauszuholen. Das verschafft uns jeden Tag auf&#8217;s neue ein tolles Gef\u00fchl und vor Allem das Gef\u00fchl, nicht nur einen Job zu machen, sondern wirklich etwas zu bewirken!<\/p>\n\n\n\n<p>Wenn du Teil der Revolution werden willst schau dir unsere offenen <a href=\"https:\/\/infeo.at\/index.php\/unternehmen\/jobs\/\">Stellenausschreibungen<\/a> an!<\/p>\n\n\n\n<div style=\"height:100px\" aria-hidden=\"true\" class=\"wp-block-spacer\"><\/div>\n\n\n\n<p><\/p>\n\n\n\n<p><\/p>\n\n\n\n<p><\/p>\n\n\n\n<hr class=\"wp-block-separator has-alpha-channel-opacity\"\/>\n\n\n\n<p><\/p>\n","protected":false},"excerpt":{"rendered":"<p>Kreislaufwirtschaft Eine\u00a0Kreislaufwirtschaft\u00a0(englisch\u00a0circular economy) ist ein\u00a0regeneratives\u00a0System, in dem\u00a0Ressourceneinsatz\u00a0und\u00a0Abfallproduktion,\u00a0Emissionen\u00a0und\u00a0Energieverschwendung\u00a0durch das Verlangsamen, Verringern und Schlie\u00dfen von Energie- und Materialkreisl\u00e4ufen minimiert werden. In unserem Kontext steht die Kreislaufwirtschaft f\u00fcr die Produktion, Sortierung, Sammlung und den Transport von Wertstoffen, recycelbaren Materialien und dem klassischen &#8222;M\u00fcll&#8220; der in die thermische Verwertung \u00fcberf\u00fchrt wird. Digitale Revolution Die [&hellip;]<\/p>\n","protected":false},"author":1,"featured_media":1824,"parent":0,"menu_order":0,"comment_status":"closed","ping_status":"closed","template":"page-templates\/template-fullwidth.php","meta":{"footnotes":""},"class_list":["post-1818","page","type-page","status-publish","has-post-thumbnail","hentry"],"yoast_head":"<!-- This site is optimized with the Yoast SEO plugin v26.6 - https:\/\/yoast.com\/wordpress\/plugins\/seo\/ -->\n<title>Gemeinsam mit unseren Kunden revolutionieren wir die digitale Kreislaufwirtschaft - infeo GmbH<\/title>\n<meta name=\"robots\" content=\"index, follow, max-snippet:-1, max-image-preview:large, max-video-preview:-1\" \/>\n<link rel=\"canonical\" href=\"https:\/\/infeo.at\/index.php\/revolution\/\" \/>\n<meta property=\"og:locale\" content=\"de_DE\" \/>\n<meta property=\"og:type\" content=\"article\" \/>\n<meta property=\"og:title\" content=\"Gemeinsam mit unseren Kunden revolutionieren wir die digitale Kreislaufwirtschaft - infeo GmbH\" \/>\n<meta property=\"og:description\" content=\"Kreislaufwirtschaft Eine\u00a0Kreislaufwirtschaft\u00a0(englisch\u00a0circular economy) ist ein\u00a0regeneratives\u00a0System, in dem\u00a0Ressourceneinsatz\u00a0und\u00a0Abfallproduktion,\u00a0Emissionen\u00a0und\u00a0Energieverschwendung\u00a0durch das Verlangsamen, Verringern und Schlie\u00dfen von Energie- und Materialkreisl\u00e4ufen minimiert werden. In unserem Kontext steht die Kreislaufwirtschaft f\u00fcr die Produktion, Sortierung, Sammlung und den Transport von Wertstoffen, recycelbaren Materialien und dem klassischen &#8222;M\u00fcll&#8220; der in die thermische Verwertung \u00fcberf\u00fchrt wird. Digitale Revolution Die [&hellip;]\" \/>\n<meta property=\"og:url\" content=\"https:\/\/infeo.at\/index.php\/revolution\/\" \/>\n<meta property=\"og:site_name\" content=\"infeo GmbH\" \/>\n<meta property=\"article:publisher\" content=\"https:\/\/www.facebook.com\/infeoAt\" \/>\n<meta property=\"article:modified_time\" content=\"2022-10-25T08:41:09+00:00\" \/>\n<meta property=\"og:image\" content=\"https:\/\/infeo.at\/infeo\/wp-content\/uploads\/2022\/10\/digitale-revolution-Titelbild.jpg\" \/>\n\t<meta property=\"og:image:width\" content=\"1485\" \/>\n\t<meta property=\"og:image:height\" content=\"778\" \/>\n\t<meta property=\"og:image:type\" content=\"image\/jpeg\" \/>\n<meta name=\"twitter:card\" content=\"summary_large_image\" \/>\n<meta name=\"twitter:site\" content=\"@infeogmbh\" \/>\n<meta name=\"twitter:label1\" content=\"Gesch\u00e4tzte Lesezeit\" \/>\n\t<meta name=\"twitter:data1\" content=\"2 Minuten\" \/>\n<script type=\"application\/ld+json\" class=\"yoast-schema-graph\">{\"@context\":\"https:\/\/schema.org\",\"@graph\":[{\"@type\":\"WebPage\",\"@id\":\"https:\/\/infeo.at\/index.php\/revolution\/\",\"url\":\"https:\/\/infeo.at\/index.php\/revolution\/\",\"name\":\"Gemeinsam mit unseren Kunden revolutionieren wir die digitale Kreislaufwirtschaft - infeo GmbH\",\"isPartOf\":{\"@id\":\"https:\/\/infeo.at\/#website\"},\"primaryImageOfPage\":{\"@id\":\"https:\/\/infeo.at\/index.php\/revolution\/#primaryimage\"},\"image\":{\"@id\":\"https:\/\/infeo.at\/index.php\/revolution\/#primaryimage\"},\"thumbnailUrl\":\"https:\/\/infeo.at\/infeo\/wp-content\/uploads\/2022\/10\/digitale-revolution-Titelbild.jpg\",\"datePublished\":\"2022-10-08T15:48:10+00:00\",\"dateModified\":\"2022-10-25T08:41:09+00:00\",\"breadcrumb\":{\"@id\":\"https:\/\/infeo.at\/index.php\/revolution\/#breadcrumb\"},\"inLanguage\":\"de-AT\",\"potentialAction\":[{\"@type\":\"ReadAction\",\"target\":[\"https:\/\/infeo.at\/index.php\/revolution\/\"]}]},{\"@type\":\"ImageObject\",\"inLanguage\":\"de-AT\",\"@id\":\"https:\/\/infeo.at\/index.php\/revolution\/#primaryimage\",\"url\":\"https:\/\/infeo.at\/infeo\/wp-content\/uploads\/2022\/10\/digitale-revolution-Titelbild.jpg\",\"contentUrl\":\"https:\/\/infeo.at\/infeo\/wp-content\/uploads\/2022\/10\/digitale-revolution-Titelbild.jpg\",\"width\":1485,\"height\":778},{\"@type\":\"BreadcrumbList\",\"@id\":\"https:\/\/infeo.at\/index.php\/revolution\/#breadcrumb\",\"itemListElement\":[{\"@type\":\"ListItem\",\"position\":1,\"name\":\"Home\",\"item\":\"https:\/\/infeo.at\/\"},{\"@type\":\"ListItem\",\"position\":2,\"name\":\"Gemeinsam mit unseren Kunden revolutionieren wir die digitale Kreislaufwirtschaft\"}]},{\"@type\":\"WebSite\",\"@id\":\"https:\/\/infeo.at\/#website\",\"url\":\"https:\/\/infeo.at\/\",\"name\":\"infeo GmbH\",\"description\":\"Digitale L\u00f6sungen f\u00fcr Abfallwirtschaft und Winterdienst\",\"publisher\":{\"@id\":\"https:\/\/infeo.at\/#organization\"},\"potentialAction\":[{\"@type\":\"SearchAction\",\"target\":{\"@type\":\"EntryPoint\",\"urlTemplate\":\"https:\/\/infeo.at\/?s={search_term_string}\"},\"query-input\":{\"@type\":\"PropertyValueSpecification\",\"valueRequired\":true,\"valueName\":\"search_term_string\"}}],\"inLanguage\":\"de-AT\"},{\"@type\":\"Organization\",\"@id\":\"https:\/\/infeo.at\/#organization\",\"name\":\"Infeo GmbH\",\"url\":\"https:\/\/infeo.at\/\",\"logo\":{\"@type\":\"ImageObject\",\"inLanguage\":\"de-AT\",\"@id\":\"https:\/\/infeo.at\/#\/schema\/logo\/image\/\",\"url\":\"\",\"contentUrl\":\"\",\"caption\":\"Infeo GmbH\"},\"image\":{\"@id\":\"https:\/\/infeo.at\/#\/schema\/logo\/image\/\"},\"sameAs\":[\"https:\/\/www.facebook.com\/infeoAt\",\"https:\/\/x.com\/infeogmbh\"]}]}<\/script>\n<!-- \/ Yoast SEO plugin. -->","yoast_head_json":{"title":"Gemeinsam mit unseren Kunden revolutionieren wir die digitale Kreislaufwirtschaft - infeo GmbH","robots":{"index":"index","follow":"follow","max-snippet":"max-snippet:-1","max-image-preview":"max-image-preview:large","max-video-preview":"max-video-preview:-1"},"canonical":"https:\/\/infeo.at\/index.php\/revolution\/","og_locale":"de_DE","og_type":"article","og_title":"Gemeinsam mit unseren Kunden revolutionieren wir die digitale Kreislaufwirtschaft - infeo GmbH","og_description":"Kreislaufwirtschaft Eine\u00a0Kreislaufwirtschaft\u00a0(englisch\u00a0circular economy) ist ein\u00a0regeneratives\u00a0System, in dem\u00a0Ressourceneinsatz\u00a0und\u00a0Abfallproduktion,\u00a0Emissionen\u00a0und\u00a0Energieverschwendung\u00a0durch das Verlangsamen, Verringern und Schlie\u00dfen von Energie- und Materialkreisl\u00e4ufen minimiert werden. In unserem Kontext steht die Kreislaufwirtschaft f\u00fcr die Produktion, Sortierung, Sammlung und den Transport von Wertstoffen, recycelbaren Materialien und dem klassischen &#8222;M\u00fcll&#8220; der in die thermische Verwertung \u00fcberf\u00fchrt wird. Digitale Revolution Die [&hellip;]","og_url":"https:\/\/infeo.at\/index.php\/revolution\/","og_site_name":"infeo GmbH","article_publisher":"https:\/\/www.facebook.com\/infeoAt","article_modified_time":"2022-10-25T08:41:09+00:00","og_image":[{"width":1485,"height":778,"url":"https:\/\/infeo.at\/infeo\/wp-content\/uploads\/2022\/10\/digitale-revolution-Titelbild.jpg","type":"image\/jpeg"}],"twitter_card":"summary_large_image","twitter_site":"@infeogmbh","twitter_misc":{"Gesch\u00e4tzte Lesezeit":"2 Minuten"},"schema":{"@context":"https:\/\/schema.org","@graph":[{"@type":"WebPage","@id":"https:\/\/infeo.at\/index.php\/revolution\/","url":"https:\/\/infeo.at\/index.php\/revolution\/","name":"Gemeinsam mit unseren Kunden revolutionieren wir die digitale Kreislaufwirtschaft - infeo GmbH","isPartOf":{"@id":"https:\/\/infeo.at\/#website"},"primaryImageOfPage":{"@id":"https:\/\/infeo.at\/index.php\/revolution\/#primaryimage"},"image":{"@id":"https:\/\/infeo.at\/index.php\/revolution\/#primaryimage"},"thumbnailUrl":"https:\/\/infeo.at\/infeo\/wp-content\/uploads\/2022\/10\/digitale-revolution-Titelbild.jpg","datePublished":"2022-10-08T15:48:10+00:00","dateModified":"2022-10-25T08:41:09+00:00","breadcrumb":{"@id":"https:\/\/infeo.at\/index.php\/revolution\/#breadcrumb"},"inLanguage":"de-AT","potentialAction":[{"@type":"ReadAction","target":["https:\/\/infeo.at\/index.php\/revolution\/"]}]},{"@type":"ImageObject","inLanguage":"de-AT","@id":"https:\/\/infeo.at\/index.php\/revolution\/#primaryimage","url":"https:\/\/infeo.at\/infeo\/wp-content\/uploads\/2022\/10\/digitale-revolution-Titelbild.jpg","contentUrl":"https:\/\/infeo.at\/infeo\/wp-content\/uploads\/2022\/10\/digitale-revolution-Titelbild.jpg","width":1485,"height":778},{"@type":"BreadcrumbList","@id":"https:\/\/infeo.at\/index.php\/revolution\/#breadcrumb","itemListElement":[{"@type":"ListItem","position":1,"name":"Home","item":"https:\/\/infeo.at\/"},{"@type":"ListItem","position":2,"name":"Gemeinsam mit unseren Kunden revolutionieren wir die digitale Kreislaufwirtschaft"}]},{"@type":"WebSite","@id":"https:\/\/infeo.at\/#website","url":"https:\/\/infeo.at\/","name":"infeo GmbH","description":"Digitale L\u00f6sungen f\u00fcr Abfallwirtschaft und Winterdienst","publisher":{"@id":"https:\/\/infeo.at\/#organization"},"potentialAction":[{"@type":"SearchAction","target":{"@type":"EntryPoint","urlTemplate":"https:\/\/infeo.at\/?s={search_term_string}"},"query-input":{"@type":"PropertyValueSpecification","valueRequired":true,"valueName":"search_term_string"}}],"inLanguage":"de-AT"},{"@type":"Organization","@id":"https:\/\/infeo.at\/#organization","name":"Infeo GmbH","url":"https:\/\/infeo.at\/","logo":{"@type":"ImageObject","inLanguage":"de-AT","@id":"https:\/\/infeo.at\/#\/schema\/logo\/image\/","url":"","contentUrl":"","caption":"Infeo GmbH"},"image":{"@id":"https:\/\/infeo.at\/#\/schema\/logo\/image\/"},"sameAs":["https:\/\/www.facebook.com\/infeoAt","https:\/\/x.com\/infeogmbh"]}]}},"_links":{"self":[{"href":"https:\/\/infeo.at\/index.php\/wp-json\/wp\/v2\/pages\/1818","targetHints":{"allow":["GET"]}}],"collection":[{"href":"https:\/\/infeo.at\/index.php\/wp-json\/wp\/v2\/pages"}],"about":[{"href":"https:\/\/infeo.at\/index.php\/wp-json\/wp\/v2\/types\/page"}],"author":[{"embeddable":true,"href":"https:\/\/infeo.at\/index.php\/wp-json\/wp\/v2\/users\/1"}],"replies":[{"embeddable":true,"href":"https:\/\/infeo.at\/index.php\/wp-json\/wp\/v2\/comments?post=1818"}],"version-history":[{"count":12,"href":"https:\/\/infeo.at\/index.php\/wp-json\/wp\/v2\/pages\/1818\/revisions"}],"predecessor-version":[{"id":1843,"href":"https:\/\/infeo.at\/index.php\/wp-json\/wp\/v2\/pages\/1818\/revisions\/1843"}],"wp:featuredmedia":[{"embeddable":true,"href":"https:\/\/infeo.at\/index.php\/wp-json\/wp\/v2\/media\/1824"}],"wp:attachment":[{"href":"https:\/\/infeo.at\/index.php\/wp-json\/wp\/v2\/media?parent=1818"}],"curies":[{"name":"wp","href":"https:\/\/api.w.org\/{rel}","templated":true}]}}